{"id":265,"date":"2026-01-09T14:10:13","date_gmt":"2026-01-09T14:10:13","guid":{"rendered":"https:\/\/sal-stone.com\/?page_id=265"},"modified":"2026-01-15T19:33:18","modified_gmt":"2026-01-15T19:33:18","slug":"projects","status":"publish","type":"page","link":"https:\/\/sal-stone.com\/en\/projects\/","title":{"rendered":"Projects"},"content":{"rendered":"<div data-elementor-type=\"wp-page\" data-elementor-id=\"265\" class=\"elementor elementor-265\">\n\t\t\t\t\t\t<section class=\"elementor-section elementor-top-section elementor-element elementor-element-aac0536 elementor-section-boxed elementor-section-height-default elementor-section-height-default\" data-id=\"aac0536\" data-element_type=\"section\" data-e-type=\"section\" data-settings=\"{&quot;background_background&quot;:&quot;classic&quot;}\">\n\t\t\t\t\t\t<div class=\"elementor-container elementor-column-gap-default\">\n\t\t\t\t\t<div class=\"elementor-column elementor-col-100 elementor-top-column elementor-element elementor-element-2b28ce8\" data-id=\"2b28ce8\" data-element_type=\"column\" data-e-type=\"column\">\n\t\t\t<div class=\"elementor-widget-wrap elementor-element-populated\">\n\t\t\t\t\t\t<div class=\"elementor-element elementor-element-418c196 elementor-widget elementor-widget-heading\" data-id=\"418c196\" data-element_type=\"widget\" data-e-type=\"widget\" data-widget_type=\"heading.default\">\n\t\t\t\t\t<h1 class=\"elementor-heading-title elementor-size-default\">Projects<\/h1>\t\t\t\t<\/div>\n\t\t\t\t\t<\/div>\n\t\t<\/div>\n\t\t\t\t\t<\/div>\n\t\t<\/section>\n\t\t\t\t<section class=\"elementor-section elementor-top-section elementor-element elementor-element-69f4d6d elementor-section-boxed elementor-section-height-default elementor-section-height-default\" data-id=\"69f4d6d\" data-element_type=\"section\" data-e-type=\"section\">\n\t\t\t\t\t\t<div class=\"elementor-container elementor-column-gap-default\">\n\t\t\t\t\t<div class=\"elementor-column elementor-col-100 elementor-top-column elementor-element elementor-element-fd96f00\" data-id=\"fd96f00\" data-element_type=\"column\" data-e-type=\"column\">\n\t\t\t<div class=\"elementor-widget-wrap elementor-element-populated\">\n\t\t\t\t\t\t<div class=\"elementor-element elementor-element-eb47129 elementor-widget elementor-widget-raven-posts\" data-id=\"eb47129\" data-element_type=\"widget\" data-e-type=\"widget\" data-settings=\"{&quot;classic_columns&quot;:&quot;2&quot;,&quot;classic_show_pagination&quot;:&quot;yes&quot;,&quot;classic_pagination_type&quot;:&quot;infinite_load&quot;,&quot;_skin&quot;:&quot;classic&quot;,&quot;classic_layout&quot;:&quot;grid&quot;,&quot;classic_columns_tablet&quot;:&quot;2&quot;,&quot;classic_columns_mobile&quot;:&quot;1&quot;,&quot;query_posts_per_page&quot;:6,&quot;query_offset&quot;:0}\" data-widget_type=\"raven-posts.classic\">\n\t\t\t\t<div class=\"elementor-widget-container\">\n\t\t\t\t\t\t\t<div class=\"raven-posts raven-grid raven-grid-2 raven-grid-mobile-1 raven-grid-tablet-2\" data-post-id=\"265\" data-archive-query=\"\" data-lang=\"\">\n\t\t\t\t<div class=\"raven-grid-item raven-post-item post-310 post type-post status-publish format-standard has-post-thumbnail hentry category-layihlr\">\n\t\t\t<div class=\"raven-post\">\n\t\t\t\t\t\t<div class=\"raven-post-image-wrap\">\n\t\t\t<a class=\"raven-post-image raven-image-fit\" href=\"https:\/\/sal-stone.com\/en\/kharybulbul\/\"><img fetchpriority=\"high\" decoding=\"async\" width=\"400\" height=\"300\" src=\"https:\/\/sal-stone.com\/wp-content\/uploads\/2026\/01\/71osp4u8TAGdY09hHP5gqQ9Qx2.jpg\" class=\"attachment-full size-full wp-image-526\" alt=\"\" srcset=\"https:\/\/sal-stone.com\/wp-content\/uploads\/2026\/01\/71osp4u8TAGdY09hHP5gqQ9Qx2.jpg 400w, https:\/\/sal-stone.com\/wp-content\/uploads\/2026\/01\/71osp4u8TAGdY09hHP5gqQ9Qx2-300x225.jpg 300w, https:\/\/sal-stone.com\/wp-content\/uploads\/2026\/01\/71osp4u8TAGdY09hHP5gqQ9Qx2-16x12.jpg 16w\" sizes=\"(max-width: 400px) 100vw, 400px\" \/> <span class=\"raven-post-image-overlay\"><\/span><\/a>\t\t<\/div>\n\t\t\t\t\t\t<div class=\"raven-post-content\">\n\t\t\t\t\t<h2 class=\"raven-post-title\"><a class=\"raven-post-title-link\" href=\"https:\/\/sal-stone.com\/en\/kharybulbul\/\">Xar\u0131b\u00fclb\u00fcl<\/a><\/h2>\t\t\t\t<\/div>\n\t\t\t<\/div>\n\t\t<\/div>\n\t\t\t\t<div class=\"raven-grid-item raven-post-item post-320 post type-post status-publish format-standard has-post-thumbnail hentry category-layihlr\">\n\t\t\t<div class=\"raven-post\">\n\t\t\t\t\t\t<div class=\"raven-post-image-wrap\">\n\t\t\t<a class=\"raven-post-image raven-image-fit\" href=\"https:\/\/sal-stone.com\/en\/springville\/\"><img decoding=\"async\" width=\"800\" height=\"600\" src=\"https:\/\/sal-stone.com\/wp-content\/uploads\/2026\/01\/luks-villa-1.jpeg\" class=\"attachment-full size-full wp-image-518\" alt=\"\" srcset=\"https:\/\/sal-stone.com\/wp-content\/uploads\/2026\/01\/luks-villa-1.jpeg 800w, https:\/\/sal-stone.com\/wp-content\/uploads\/2026\/01\/luks-villa-1-300x225.jpeg 300w, https:\/\/sal-stone.com\/wp-content\/uploads\/2026\/01\/luks-villa-1-768x576.jpeg 768w, https:\/\/sal-stone.com\/wp-content\/uploads\/2026\/01\/luks-villa-1-16x12.jpeg 16w\" sizes=\"(max-width: 800px) 100vw, 800px\" \/> <span class=\"raven-post-image-overlay\"><\/span><\/a>\t\t<\/div>\n\t\t\t\t\t\t<div class=\"raven-post-content\">\n\t\t\t\t\t<h2 class=\"raven-post-title\"><a class=\"raven-post-title-link\" href=\"https:\/\/sal-stone.com\/en\/springville\/\">Springville<\/a><\/h2>\t\t\t\t<\/div>\n\t\t\t<\/div>\n\t\t<\/div>\n\t\t\t\t<div class=\"raven-grid-item raven-post-item post-316 post type-post status-publish format-standard has-post-thumbnail hentry category-layihlr\">\n\t\t\t<div class=\"raven-post\">\n\t\t\t\t\t\t<div class=\"raven-post-image-wrap\">\n\t\t\t<a class=\"raven-post-image raven-image-fit\" href=\"https:\/\/sal-stone.com\/en\/pinocchio\/\"><img decoding=\"async\" width=\"960\" height=\"804\" src=\"https:\/\/sal-stone.com\/wp-content\/uploads\/2026\/01\/3903-8.jpg\" class=\"attachment-full size-full wp-image-209\" alt=\"\" srcset=\"https:\/\/sal-stone.com\/wp-content\/uploads\/2026\/01\/3903-8.jpg 960w, https:\/\/sal-stone.com\/wp-content\/uploads\/2026\/01\/3903-8-300x251.jpg 300w, https:\/\/sal-stone.com\/wp-content\/uploads\/2026\/01\/3903-8-768x643.jpg 768w, https:\/\/sal-stone.com\/wp-content\/uploads\/2026\/01\/3903-8-14x12.jpg 14w\" sizes=\"(max-width: 960px) 100vw, 960px\" \/> <span class=\"raven-post-image-overlay\"><\/span><\/a>\t\t<\/div>\n\t\t\t\t\t\t<div class=\"raven-post-content\">\n\t\t\t\t\t<h2 class=\"raven-post-title\"><a class=\"raven-post-title-link\" href=\"https:\/\/sal-stone.com\/en\/pinocchio\/\">Pinocchio<\/a><\/h2>\t\t\t\t<\/div>\n\t\t\t<\/div>\n\t\t<\/div>\n\t\t\t\t<\/div>\n\t\t<span class=\"raven-infinite-load\"><\/span>\t\t\t\t<\/div>\n\t\t\t\t<\/div>\n\t\t\t\t\t<\/div>\n\t\t<\/div>\n\t\t\t\t\t<\/div>\n\t\t<\/section>\n\t\t\t\t<section class=\"elementor-section elementor-top-section elementor-element elementor-element-d316f32 elementor-section-boxed elementor-section-height-default elementor-section-height-default\" data-id=\"d316f32\" data-element_type=\"section\" data-e-type=\"section\">\n\t\t\t\t\t\t<div class=\"elementor-container elementor-column-gap-default\">\n\t\t\t\t\t<div class=\"elementor-column elementor-col-100 elementor-top-column elementor-element elementor-element-f7f759c\" data-id=\"f7f759c\" data-element_type=\"column\" data-e-type=\"column\">\n\t\t\t<div class=\"elementor-widget-wrap elementor-element-populated\">\n\t\t\t\t\t\t<div class=\"elementor-element elementor-element-7ec9a63 elementor-widget elementor-widget-heading\" data-id=\"7ec9a63\" data-element_type=\"widget\" data-e-type=\"widget\" data-widget_type=\"heading.default\">\n\t\t\t\t\t<h2 class=\"elementor-heading-title elementor-size-default\">New home projects and construction solutions at Salstone Construction!<\/h2>\t\t\t\t<\/div>\n\t\t\t\t<div class=\"elementor-element elementor-element-3e23257 elementor-widget elementor-widget-text-editor\" data-id=\"3e23257\" data-element_type=\"widget\" data-e-type=\"widget\" data-widget_type=\"text-editor.default\">\n\t\t\t\t\t\t\t\t\t<p><span lang=\"en-us\" xml:lang=\"en-us\">Are you thinking about building or renovating your home? Salstone Construction offers you a wide range of options and professional construction services to build your dream home. Whether it's a summer house, a courtyard house, or an A-Frame house project - Salstone Construction offers you the ideal solutions. The Salstone Construction team supports you at every stage to make the construction and renovation process comfortable and stress-free.<\/span>\u00a0<\/p>\t\t\t\t\t\t\t\t<\/div>\n\t\t\t\t<div class=\"elementor-element elementor-element-b4611de elementor-widget-divider--view-line elementor-widget elementor-widget-divider\" data-id=\"b4611de\" data-element_type=\"widget\" data-e-type=\"widget\" data-widget_type=\"divider.default\">\n\t\t\t\t\t\t\t<div class=\"elementor-divider\">\n\t\t\t<span class=\"elementor-divider-separator\">\n\t\t\t\t\t\t<\/span>\n\t\t<\/div>\n\t\t\t\t\t\t<\/div>\n\t\t\t\t<div class=\"elementor-element elementor-element-a615dc4 elementor-widget elementor-widget-heading\" data-id=\"a615dc4\" data-element_type=\"widget\" data-e-type=\"widget\" data-widget_type=\"heading.default\">\n\t\t\t\t\t<h2 class=\"elementor-heading-title elementor-size-default\">House Projects: Your Home, Your Choice<\/h2>\t\t\t\t<\/div>\n\t\t\t\t<div class=\"elementor-element elementor-element-52d63bd elementor-widget elementor-widget-text-editor\" data-id=\"52d63bd\" data-element_type=\"widget\" data-e-type=\"widget\" data-widget_type=\"text-editor.default\">\n\t\t\t\t\t\t\t\t\t<p><span lang=\"en-us\" xml:lang=\"en-us\">At Salstone Construction, we offer diverse types of house projects:<\/span>\u00a0<\/p>\t\t\t\t\t\t\t\t<\/div>\n\t\t\t\t<div class=\"elementor-element elementor-element-b685576 elementor-widget elementor-widget-heading\" data-id=\"b685576\" data-element_type=\"widget\" data-e-type=\"widget\" data-widget_type=\"heading.default\">\n\t\t\t\t\t<h2 class=\"elementor-heading-title elementor-size-default\">1. Garden house projects<\/h2>\t\t\t\t<\/div>\n\t\t\t\t<div class=\"elementor-element elementor-element-67d5930 elementor-widget elementor-widget-text-editor\" data-id=\"67d5930\" data-element_type=\"widget\" data-e-type=\"widget\" data-widget_type=\"text-editor.default\">\n\t\t\t\t\t\t\t\t\t<p>If you want to live comfortably and in harmony with nature, our garden house projects are for you. We offer various designs and plans for garden houses:<\/p><ul><li><strong>1 storey garden house drawings:<\/strong> small and practical plans.<\/li><li><strong>2-storey garden houses:<\/strong> an ideal choice for larger families.<\/li><li><strong>Modern and minimalist style garden houses:<\/strong> simple, elegant and functional designs.\u00a0<\/li><\/ul>\t\t\t\t\t\t\t\t<\/div>\n\t\t\t\t<div class=\"elementor-element elementor-element-c8defe2 elementor-widget-divider--view-line elementor-widget elementor-widget-divider\" data-id=\"c8defe2\" data-element_type=\"widget\" data-e-type=\"widget\" data-widget_type=\"divider.default\">\n\t\t\t\t\t\t\t<div class=\"elementor-divider\">\n\t\t\t<span class=\"elementor-divider-separator\">\n\t\t\t\t\t\t<\/span>\n\t\t<\/div>\n\t\t\t\t\t\t<\/div>\n\t\t\t\t<div class=\"elementor-element elementor-element-d087b03 elementor-widget elementor-widget-heading\" data-id=\"d087b03\" data-element_type=\"widget\" data-e-type=\"widget\" data-widget_type=\"heading.default\">\n\t\t\t\t\t<h2 class=\"elementor-heading-title elementor-size-default\">2. Courtyard house projects<\/h2>\t\t\t\t<\/div>\n\t\t\t\t<div class=\"elementor-element elementor-element-9c17011 elementor-widget elementor-widget-text-editor\" data-id=\"9c17011\" data-element_type=\"widget\" data-e-type=\"widget\" data-widget_type=\"text-editor.default\">\n\t\t\t\t\t\t\t\t\t<p>Courtyard houses provide ideal living space for a family. The projects we offer include:<\/p><ul><li><strong>1-story 3-bedroom courtyard houses:<\/strong> comfortable and functional plans for small families.<\/li><li><strong>1-story 4-room courtyard houses:<\/strong> Spacious and comfortable homes for families who need more room.<\/li><li><strong>2-storey courtyard houses:<\/strong> Ideal for those who want more space and a large area.\u00a0<\/li><\/ul>\t\t\t\t\t\t\t\t<\/div>\n\t\t\t\t<div class=\"elementor-element elementor-element-ce33285 elementor-widget-divider--view-line elementor-widget elementor-widget-divider\" data-id=\"ce33285\" data-element_type=\"widget\" data-e-type=\"widget\" data-widget_type=\"divider.default\">\n\t\t\t\t\t\t\t<div class=\"elementor-divider\">\n\t\t\t<span class=\"elementor-divider-separator\">\n\t\t\t\t\t\t<\/span>\n\t\t<\/div>\n\t\t\t\t\t\t<\/div>\n\t\t\t\t<div class=\"elementor-element elementor-element-a8b8eca elementor-widget elementor-widget-heading\" data-id=\"a8b8eca\" data-element_type=\"widget\" data-e-type=\"widget\" data-widget_type=\"heading.default\">\n\t\t\t\t\t<h2 class=\"elementor-heading-title elementor-size-default\">3. Mansard-type house projects<\/h2>\t\t\t\t<\/div>\n\t\t\t\t<div class=\"elementor-element elementor-element-98eb5cb elementor-widget elementor-widget-text-editor\" data-id=\"98eb5cb\" data-element_type=\"widget\" data-e-type=\"widget\" data-widget_type=\"text-editor.default\">\n\t\t\t\t\t\t\t\t\t<p>Mansard-style houses offer both aesthetic and functional solutions. With mansard-style house projects, you can turn your attic into an additional room, office or recreation area. Advantages of mansard-style houses:<\/p><ul><li>Maximum use of space.<\/li><li>Aesthetic and modern appearance.<\/li><li>Stylish and unique designs.\u00a0<\/li><\/ul>\t\t\t\t\t\t\t\t<\/div>\n\t\t\t\t<div class=\"elementor-element elementor-element-1eeb535 elementor-widget-divider--view-line elementor-widget elementor-widget-divider\" data-id=\"1eeb535\" data-element_type=\"widget\" data-e-type=\"widget\" data-widget_type=\"divider.default\">\n\t\t\t\t\t\t\t<div class=\"elementor-divider\">\n\t\t\t<span class=\"elementor-divider-separator\">\n\t\t\t\t\t\t<\/span>\n\t\t<\/div>\n\t\t\t\t\t\t<\/div>\n\t\t\t\t<div class=\"elementor-element elementor-element-09473db elementor-widget elementor-widget-heading\" data-id=\"09473db\" data-element_type=\"widget\" data-e-type=\"widget\" data-widget_type=\"heading.default\">\n\t\t\t\t\t<h2 class=\"elementor-heading-title elementor-size-default\">4. Villa and real estate projects<\/h2>\t\t\t\t<\/div>\n\t\t\t\t<div class=\"elementor-element elementor-element-4c28f97 elementor-widget elementor-widget-text-editor\" data-id=\"4c28f97\" data-element_type=\"widget\" data-e-type=\"widget\" data-widget_type=\"text-editor.default\">\n\t\t\t\t\t\t\t\t\t<p>If you are looking for luxury and spacious living space, our villa projects are the best choice for you. Designed in a modern architectural style, the villas are planned in harmony with nature and are personalized to meet all your needs.<\/p>\t\t\t\t\t\t\t\t<\/div>\n\t\t\t\t<div class=\"elementor-element elementor-element-bfee03c elementor-widget elementor-widget-heading\" data-id=\"bfee03c\" data-element_type=\"widget\" data-e-type=\"widget\" data-widget_type=\"heading.default\">\n\t\t\t\t\t<h2 class=\"elementor-heading-title elementor-size-default\">Complete repair and reconstruction<\/h2>\t\t\t\t<\/div>\n\t\t\t\t<div class=\"elementor-element elementor-element-af2c8aa elementor-widget elementor-widget-text-editor\" data-id=\"af2c8aa\" data-element_type=\"widget\" data-e-type=\"widget\" data-widget_type=\"text-editor.default\">\n\t\t\t\t\t\t\t\t\t<ul><li>Interior and exterior renovations of your home.<\/li><li>Reconstruction and design changes in a modern style.<\/li><li>Floor, wall, ceiling repair and renovation.\u00a0<\/li><\/ul>\t\t\t\t\t\t\t\t<\/div>\n\t\t\t\t<div class=\"elementor-element elementor-element-51b7213 elementor-widget elementor-widget-heading\" data-id=\"51b7213\" data-element_type=\"widget\" data-e-type=\"widget\" data-widget_type=\"heading.default\">\n\t\t\t\t\t<h2 class=\"elementor-heading-title elementor-size-default\">Interior design services<\/h2>\t\t\t\t<\/div>\n\t\t\t\t<div class=\"elementor-element elementor-element-4962d60 elementor-widget elementor-widget-text-editor\" data-id=\"4962d60\" data-element_type=\"widget\" data-e-type=\"widget\" data-widget_type=\"text-editor.default\">\n\t\t\t\t\t\t\t\t\t<p><span lang=\"en-us\" xml:lang=\"en-us\">We design the interior of your home according to your taste. We offer interior solutions in minimalist, classic, modern and other styles.<\/span>\u00a0<\/p>\t\t\t\t\t\t\t\t<\/div>\n\t\t\t\t<div class=\"elementor-element elementor-element-bac22ad elementor-widget elementor-widget-heading\" data-id=\"bac22ad\" data-element_type=\"widget\" data-e-type=\"widget\" data-widget_type=\"heading.default\">\n\t\t\t\t\t<h2 class=\"elementor-heading-title elementor-size-default\">Exterior and facade design<\/h2>\t\t\t\t<\/div>\n\t\t\t\t<div class=\"elementor-element elementor-element-f2f25be elementor-widget elementor-widget-text-editor\" data-id=\"f2f25be\" data-element_type=\"widget\" data-e-type=\"widget\" data-widget_type=\"text-editor.default\">\n\t\t\t\t\t\t\t\t\t<p><span lang=\"en-us\" xml:lang=\"en-us\">We also update the exterior of your home, creating modern and attractive facade designs.<\/span>\u00a0<\/p>\t\t\t\t\t\t\t\t<\/div>\n\t\t\t\t<div class=\"elementor-element elementor-element-5c2b5bc elementor-widget elementor-widget-heading\" data-id=\"5c2b5bc\" data-element_type=\"widget\" data-e-type=\"widget\" data-widget_type=\"heading.default\">\n\t\t\t\t\t<h3 class=\"elementor-heading-title elementor-size-default\">Home construction and renovation services with mortgage<\/h3>\t\t\t\t<\/div>\n\t\t\t\t<div class=\"elementor-element elementor-element-8a69489 elementor-widget elementor-widget-text-editor\" data-id=\"8a69489\" data-element_type=\"widget\" data-e-type=\"widget\" data-widget_type=\"text-editor.default\">\n\t\t\t\t\t\t\t\t\t<p>Salstone Construction offers affordable mortgage terms in an official partnership with ABB Bank to make home construction and renovation services more accessible. Own your dream home with our home projects and renovation solutions provided on credit!\u00a0<\/p>\t\t\t\t\t\t\t\t<\/div>\n\t\t\t\t<div class=\"elementor-element elementor-element-5c31480 elementor-widget elementor-widget-heading\" data-id=\"5c31480\" data-element_type=\"widget\" data-e-type=\"widget\" data-widget_type=\"heading.default\">\n\t\t\t\t\t<h2 class=\"elementor-heading-title elementor-size-default\">Services offered with mortgage:<\/h2>\t\t\t\t<\/div>\n\t\t\t\t<div class=\"elementor-element elementor-element-0805af2 elementor-widget elementor-widget-text-editor\" data-id=\"0805af2\" data-element_type=\"widget\" data-e-type=\"widget\" data-widget_type=\"text-editor.default\">\n\t\t\t\t\t\t\t\t\t<ul><li><strong>Construction of summer houses with credit:<\/strong> We implement your garden house projects on long-term and affordable terms.<\/li><li><strong>Villa construction with credit:<\/strong> Build luxurious and spacious spaces with affordable payment plans.<\/li><li><strong>Home renovation with credit:<\/strong> Renovate your home by renovating your existing backyard.<\/li><\/ul>\t\t\t\t\t\t\t\t<\/div>\n\t\t\t\t<div class=\"elementor-element elementor-element-becede3 elementor-widget elementor-widget-heading\" data-id=\"becede3\" data-element_type=\"widget\" data-e-type=\"widget\" data-widget_type=\"heading.default\">\n\t\t\t\t\t<h2 class=\"elementor-heading-title elementor-size-default\">Domestic mortgage terms<\/h2>\t\t\t\t<\/div>\n\t\t\t\t<div class=\"elementor-element elementor-element-79659a2 elementor-widget elementor-widget-text-editor\" data-id=\"79659a2\" data-element_type=\"widget\" data-e-type=\"widget\" data-widget_type=\"text-editor.default\">\n\t\t\t\t\t\t\t\t\t<p><span lang=\"en-us\" xml:lang=\"en-us\">SalStone Construction offers convenient payment plans for home construction and renovation projects with mortgages. Own the home of your dreams with solutions that fit everyone's budget.<\/span><\/p>\t\t\t\t\t\t\t\t<\/div>\n\t\t\t\t<div class=\"elementor-element elementor-element-858282f elementor-widget elementor-widget-heading\" data-id=\"858282f\" data-element_type=\"widget\" data-e-type=\"widget\" data-widget_type=\"heading.default\">\n\t\t\t\t\t<h2 class=\"elementor-heading-title elementor-size-default\">Why Choose Bakstone Construction?<\/h2>\t\t\t\t<\/div>\n\t\t\t\t<div class=\"elementor-element elementor-element-46069db elementor-widget elementor-widget-text-editor\" data-id=\"46069db\" data-element_type=\"widget\" data-e-type=\"widget\" data-widget_type=\"text-editor.default\">\n\t\t\t\t\t\t\t\t\t<p class=\"translation-block\">\u2013 <strong>Experienced team:<\/strong> professional architects, designers, and craftsmen<br>\u2013 <strong>Customized projects:<\/strong> tailored to your taste and needs<br>\u2013 <strong>High-quality materials:<\/strong> durable and trusted brands<br>\u2013 <strong>On-time delivery:<\/strong>projects completed on schedule<br>\u2013 <strong>Flexible mortgage options: <\/strong> making homeownership more attainable<\/p>\t\t\t\t\t\t\t\t<\/div>\n\t\t\t\t<div class=\"elementor-element elementor-element-552b328 elementor-widget elementor-widget-heading\" data-id=\"552b328\" data-element_type=\"widget\" data-e-type=\"widget\" data-widget_type=\"heading.default\">\n\t\t\t\t\t<h2 class=\"elementor-heading-title elementor-size-default\">Build Your Dream Home with Us!<\/h2>\t\t\t\t<\/div>\n\t\t\t\t<div class=\"elementor-element elementor-element-2d5f56f elementor-widget elementor-widget-text-editor\" data-id=\"2d5f56f\" data-element_type=\"widget\" data-e-type=\"widget\" data-widget_type=\"text-editor.default\">\n\t\t\t\t\t\t\t\t\t<p><span lang=\"en-us\" xml:lang=\"en-us\">Contact Salstone Construction today to make your garden house, courtyard house, A Frame house, villa or mansard house projects a reality. We are here to offer you the most suitable solutions and build the home of your dreams.<\/span>\u00a0<\/p>\t\t\t\t\t\t\t\t<\/div>\n\t\t\t\t\t<\/div>\n\t\t<\/div>\n\t\t\t\t\t<\/div>\n\t\t<\/section>\n\t\t\t\t<\/div>","protected":false},"excerpt":{"rendered":"<p>Layih\u0259l\u0259r Springville Pinocchio Xar\u0131b\u00fclb\u00fcl Yeni ev layih\u0259l\u0259ri v\u0259 tikinti h\u0259ll\u0259ri Salstone \u0130n\u015faat-da! Ev tikintisi v\u0259 t\u0259miri haqq\u0131nda d\u00fc\u015f\u00fcn\u00fcrs\u00fcn\u00fcz? X\u0259yal\u0131n\u0131zdak\u0131 evi qurmaq \u00fc\u00e7\u00fcn Salstone \u0130n\u015faat siz\u0259 geni\u015f se\u00e7im imkanlar\u0131 v\u0259 pe\u015f\u0259kar tikinti xidm\u0259tl\u0259ri t\u0259qdim edir. \u0130st\u0259r ba\u011f evi, ist\u0259r h\u0259y\u0259t evi, ist\u0259rs\u0259 d\u0259 A Frame tipli ev layih\u0259l\u0259ri olsun \u2013 Salstone \u0130n\u015faat sizin \u00fc\u00e7\u00fcn ideal h\u0259ll\u0259r [&hellip;]<\/p>","protected":false},"author":1,"featured_media":0,"parent":0,"menu_order":0,"comment_status":"closed","ping_status":"closed","template":"full-width.php","meta":{"_acf_changed":false,"footnotes":""},"class_list":["post-265","page","type-page","status-publish","hentry"],"acf":[],"_links":{"self":[{"href":"https:\/\/sal-stone.com\/en\/wp-json\/wp\/v2\/pages\/265","targetHints":{"allow":["GET"]}}],"collection":[{"href":"https:\/\/sal-stone.com\/en\/wp-json\/wp\/v2\/pages"}],"about":[{"href":"https:\/\/sal-stone.com\/en\/wp-json\/wp\/v2\/types\/page"}],"author":[{"embeddable":true,"href":"https:\/\/sal-stone.com\/en\/wp-json\/wp\/v2\/users\/1"}],"replies":[{"embeddable":true,"href":"https:\/\/sal-stone.com\/en\/wp-json\/wp\/v2\/comments?post=265"}],"version-history":[{"count":32,"href":"https:\/\/sal-stone.com\/en\/wp-json\/wp\/v2\/pages\/265\/revisions"}],"predecessor-version":[{"id":533,"href":"https:\/\/sal-stone.com\/en\/wp-json\/wp\/v2\/pages\/265\/revisions\/533"}],"wp:attachment":[{"href":"https:\/\/sal-stone.com\/en\/wp-json\/wp\/v2\/media?parent=265"}],"curies":[{"name":"wp","href":"https:\/\/api.w.org\/{rel}","templated":true}]}}