{"id":257,"date":"2026-01-09T14:08:19","date_gmt":"2026-01-09T14:08:19","guid":{"rendered":"https:\/\/sal-stone.com\/?page_id=257"},"modified":"2026-01-09T19:29:33","modified_gmt":"2026-01-09T19:29:33","slug":"dizayn-xidm%c9%99tl%c9%99ri","status":"publish","type":"page","link":"https:\/\/sal-stone.com\/en\/dizayn-xidm%c9%99tl%c9%99ri\/","title":{"rendered":"Design services"},"content":{"rendered":"<div data-elementor-type=\"wp-page\" data-elementor-id=\"257\" class=\"elementor elementor-257\">\n\t\t\t\t\t\t<section class=\"elementor-section elementor-top-section elementor-element elementor-element-aac0536 elementor-section-boxed elementor-section-height-default elementor-section-height-default\" data-id=\"aac0536\" data-element_type=\"section\" data-e-type=\"section\" data-settings=\"{&quot;background_background&quot;:&quot;classic&quot;}\">\n\t\t\t\t\t\t<div class=\"elementor-container elementor-column-gap-default\">\n\t\t\t\t\t<div class=\"elementor-column elementor-col-100 elementor-top-column elementor-element elementor-element-2b28ce8\" data-id=\"2b28ce8\" data-element_type=\"column\" data-e-type=\"column\">\n\t\t\t<div class=\"elementor-widget-wrap elementor-element-populated\">\n\t\t\t\t\t\t<div class=\"elementor-element elementor-element-418c196 elementor-widget elementor-widget-heading\" data-id=\"418c196\" data-element_type=\"widget\" data-e-type=\"widget\" data-widget_type=\"heading.default\">\n\t\t\t\t\t<h1 class=\"elementor-heading-title elementor-size-default\">Design services\n<\/h1>\t\t\t\t<\/div>\n\t\t\t\t\t<\/div>\n\t\t<\/div>\n\t\t\t\t\t<\/div>\n\t\t<\/section>\n\t\t\t\t<section class=\"elementor-section elementor-top-section elementor-element elementor-element-69f4d6d elementor-section-boxed elementor-section-height-default elementor-section-height-default\" data-id=\"69f4d6d\" data-element_type=\"section\" data-e-type=\"section\">\n\t\t\t\t\t\t<div class=\"elementor-container elementor-column-gap-default\">\n\t\t\t\t\t<div class=\"elementor-column elementor-col-100 elementor-top-column elementor-element elementor-element-fd96f00\" data-id=\"fd96f00\" data-element_type=\"column\" data-e-type=\"column\">\n\t\t\t<div class=\"elementor-widget-wrap elementor-element-populated\">\n\t\t\t\t\t\t<div class=\"elementor-element elementor-element-c2a9659 elementor-widget elementor-widget-raven-categories\" data-id=\"c2a9659\" data-element_type=\"widget\" data-e-type=\"widget\" data-settings=\"{&quot;outer_content_columns&quot;:&quot;4&quot;,&quot;_skin&quot;:&quot;outer_content&quot;,&quot;source&quot;:&quot;blog&quot;,&quot;outer_content_layout&quot;:&quot;grid&quot;,&quot;outer_content_columns_tablet&quot;:&quot;2&quot;,&quot;outer_content_columns_mobile&quot;:&quot;1&quot;}\" data-widget_type=\"raven-categories.outer_content\">\n\t\t\t\t<div class=\"elementor-widget-container\">\n\t\t\t\t\t\t\t<div class=\"raven-categories-grid raven-categories-skin-outer_content\">\n\t\t\t\t\t<article class=\"raven-categories-item elementor-animation-shrink post-257 page type-page status-publish hentry\">\n\t\t\t\t\t\t<div class=\"raven-categories-content\">\n\t\t\t<div class=\"raven-categories-title-wrap\"><h3 class=\"raven-categories-title\"><a href=\"https:\/\/sal-stone.com\/en\/category\/butun-dizayn-xidm%c9%99tl%c9%99ri\/\">All Design services<\/a><\/h3><\/div>\t\t\t<\/div>\n\t\t<\/article>\n\t\t\t\t<article class=\"raven-categories-item elementor-animation-shrink post-257 page type-page status-publish hentry\">\n\t\t\t\t\t\t<div class=\"raven-categories-content\">\n\t\t\t<div class=\"raven-categories-title-wrap\"><h3 class=\"raven-categories-title\"><a href=\"https:\/\/sal-stone.com\/en\/category\/butun-dizayn-xidm%c9%99tl%c9%99ri\/interyer\/\">Interior<\/a><\/h3><\/div>\t\t\t<\/div>\n\t\t<\/article>\n\t\t\t\t<article class=\"raven-categories-item elementor-animation-shrink post-257 page type-page status-publish hentry\">\n\t\t\t\t\t\t<div class=\"raven-categories-content\">\n\t\t\t<div class=\"raven-categories-title-wrap\"><h3 class=\"raven-categories-title\"><a href=\"https:\/\/sal-stone.com\/en\/category\/butun-dizayn-xidm%c9%99tl%c9%99ri\/landsaft\/\">Landscape<\/a><\/h3><\/div>\t\t\t<\/div>\n\t\t<\/article>\n\t\t\t\t<article class=\"raven-categories-item elementor-animation-shrink post-257 page type-page status-publish hentry\">\n\t\t\t\t\t\t<div class=\"raven-categories-content\">\n\t\t\t<div class=\"raven-categories-title-wrap\"><h3 class=\"raven-categories-title\"><a href=\"https:\/\/sal-stone.com\/en\/category\/butun-dizayn-xidm%c9%99tl%c9%99ri\/sohb%c9%99tgah\/\">Summer-house<\/a><\/h3><\/div>\t\t\t<\/div>\n\t\t<\/article>\n\t\t\t\t<\/div>\n\t\t\t\t\t\t<\/div>\n\t\t\t\t<\/div>\n\t\t\t\t<div class=\"elementor-element elementor-element-eb47129 elementor-widget elementor-widget-raven-posts\" data-id=\"eb47129\" data-element_type=\"widget\" data-e-type=\"widget\" data-settings=\"{&quot;classic_columns&quot;:&quot;2&quot;,&quot;classic_show_pagination&quot;:&quot;yes&quot;,&quot;classic_pagination_type&quot;:&quot;infinite_load&quot;,&quot;_skin&quot;:&quot;classic&quot;,&quot;classic_layout&quot;:&quot;grid&quot;,&quot;classic_columns_tablet&quot;:&quot;2&quot;,&quot;classic_columns_mobile&quot;:&quot;1&quot;,&quot;query_posts_per_page&quot;:6,&quot;query_offset&quot;:0}\" data-widget_type=\"raven-posts.classic\">\n\t\t\t\t<div class=\"elementor-widget-container\">\n\t\t\t\t\t\t\t<div class=\"raven-posts raven-grid raven-grid-2 raven-grid-mobile-1 raven-grid-tablet-2\" data-post-id=\"257\" data-archive-query=\"\" data-lang=\"\">\n\t\t\t\t<div class=\"raven-grid-item raven-post-item post-307 post type-post status-publish format-standard has-post-thumbnail hentry category-butun-dizayn-xidmtlri category-sohbtgah\">\n\t\t\t<div class=\"raven-post\">\n\t\t\t\t\t\t<div class=\"raven-post-image-wrap\">\n\t\t\t<a class=\"raven-post-image raven-image-fit\" href=\"https:\/\/sal-stone.com\/en\/santa-claus\/\"><img fetchpriority=\"high\" decoding=\"async\" width=\"1200\" height=\"900\" src=\"https:\/\/sal-stone.com\/wp-content\/uploads\/2026\/01\/1789-123.jpg\" class=\"attachment-full size-full wp-image-308\" alt=\"\" srcset=\"https:\/\/sal-stone.com\/wp-content\/uploads\/2026\/01\/1789-123.jpg 1200w, https:\/\/sal-stone.com\/wp-content\/uploads\/2026\/01\/1789-123-300x225.jpg 300w, https:\/\/sal-stone.com\/wp-content\/uploads\/2026\/01\/1789-123-1024x768.jpg 1024w, https:\/\/sal-stone.com\/wp-content\/uploads\/2026\/01\/1789-123-768x576.jpg 768w, https:\/\/sal-stone.com\/wp-content\/uploads\/2026\/01\/1789-123-16x12.jpg 16w\" sizes=\"(max-width: 1200px) 100vw, 1200px\" \/> <span class=\"raven-post-image-overlay\"><\/span><\/a>\t\t<\/div>\n\t\t\t\t\t\t<div class=\"raven-post-content\">\n\t\t\t\t\t<h2 class=\"raven-post-title\"><a class=\"raven-post-title-link\" href=\"https:\/\/sal-stone.com\/en\/santa-claus\/\">Santa Claus<\/a><\/h2>\t\t\t\t<\/div>\n\t\t\t<\/div>\n\t\t<\/div>\n\t\t\t\t<div class=\"raven-grid-item raven-post-item post-298 post type-post status-publish format-standard has-post-thumbnail hentry category-butun-dizayn-xidmtlri category-interyer\">\n\t\t\t<div class=\"raven-post\">\n\t\t\t\t\t\t<div class=\"raven-post-image-wrap\">\n\t\t\t<a class=\"raven-post-image raven-image-fit\" href=\"https:\/\/sal-stone.com\/en\/m%c9%99nzil-modern-skandinaviyan\/\"><img decoding=\"async\" width=\"1332\" height=\"900\" src=\"https:\/\/sal-stone.com\/wp-content\/uploads\/2026\/01\/4394-0.jpg\" class=\"attachment-full size-full wp-image-299\" alt=\"\" srcset=\"https:\/\/sal-stone.com\/wp-content\/uploads\/2026\/01\/4394-0.jpg 1332w, https:\/\/sal-stone.com\/wp-content\/uploads\/2026\/01\/4394-0-300x203.jpg 300w, https:\/\/sal-stone.com\/wp-content\/uploads\/2026\/01\/4394-0-1024x692.jpg 1024w, https:\/\/sal-stone.com\/wp-content\/uploads\/2026\/01\/4394-0-768x519.jpg 768w, https:\/\/sal-stone.com\/wp-content\/uploads\/2026\/01\/4394-0-18x12.jpg 18w\" sizes=\"(max-width: 1332px) 100vw, 1332px\" \/> <span class=\"raven-post-image-overlay\"><\/span><\/a>\t\t<\/div>\n\t\t\t\t\t\t<div class=\"raven-post-content\">\n\t\t\t\t\t<h2 class=\"raven-post-title\"><a class=\"raven-post-title-link\" href=\"https:\/\/sal-stone.com\/en\/m%c9%99nzil-modern-skandinaviyan\/\">M\u0259nzil (modern-skandinaviyan)<\/a><\/h2>\t\t\t\t<\/div>\n\t\t\t<\/div>\n\t\t<\/div>\n\t\t\t\t<div class=\"raven-grid-item raven-post-item post-294 post type-post status-publish format-standard has-post-thumbnail hentry category-butun-dizayn-xidmtlri category-interyer\">\n\t\t\t<div class=\"raven-post\">\n\t\t\t\t\t\t<div class=\"raven-post-image-wrap\">\n\t\t\t<a class=\"raven-post-image raven-image-fit\" href=\"https:\/\/sal-stone.com\/en\/villa-amerikan-klassikasi\/\"><img decoding=\"async\" width=\"720\" height=\"900\" src=\"https:\/\/sal-stone.com\/wp-content\/uploads\/2026\/01\/4589-sea_breeze_zal-metbex-pilleken_1.jpg\" class=\"attachment-full size-full wp-image-295\" alt=\"\" srcset=\"https:\/\/sal-stone.com\/wp-content\/uploads\/2026\/01\/4589-sea_breeze_zal-metbex-pilleken_1.jpg 720w, https:\/\/sal-stone.com\/wp-content\/uploads\/2026\/01\/4589-sea_breeze_zal-metbex-pilleken_1-240x300.jpg 240w, https:\/\/sal-stone.com\/wp-content\/uploads\/2026\/01\/4589-sea_breeze_zal-metbex-pilleken_1-10x12.jpg 10w\" sizes=\"(max-width: 720px) 100vw, 720px\" \/> <span class=\"raven-post-image-overlay\"><\/span><\/a>\t\t<\/div>\n\t\t\t\t\t\t<div class=\"raven-post-content\">\n\t\t\t\t\t<h2 class=\"raven-post-title\"><a class=\"raven-post-title-link\" href=\"https:\/\/sal-stone.com\/en\/villa-amerikan-klassikasi\/\">Villa (amerikan klassikas\u0131)<\/a><\/h2>\t\t\t\t<\/div>\n\t\t\t<\/div>\n\t\t<\/div>\n\t\t\t\t<div class=\"raven-grid-item raven-post-item post-288 post type-post status-publish format-standard has-post-thumbnail hentry category-butun-dizayn-xidmtlri category-landsaft\">\n\t\t\t<div class=\"raven-post\">\n\t\t\t\t\t\t<div class=\"raven-post-image-wrap\">\n\t\t\t<a class=\"raven-post-image raven-image-fit\" href=\"https:\/\/sal-stone.com\/en\/kruiz-layih%c9%99sinin-landsaft-dizayni\/\"><img loading=\"lazy\" decoding=\"async\" width=\"1600\" height=\"900\" src=\"https:\/\/sal-stone.com\/wp-content\/uploads\/2026\/01\/2c12dcfd-c898-4419-b726-1d88bf149988.jpg\" class=\"attachment-full size-full wp-image-239\" alt=\"\" srcset=\"https:\/\/sal-stone.com\/wp-content\/uploads\/2026\/01\/2c12dcfd-c898-4419-b726-1d88bf149988.jpg 1600w, https:\/\/sal-stone.com\/wp-content\/uploads\/2026\/01\/2c12dcfd-c898-4419-b726-1d88bf149988-300x169.jpg 300w, https:\/\/sal-stone.com\/wp-content\/uploads\/2026\/01\/2c12dcfd-c898-4419-b726-1d88bf149988-1024x576.jpg 1024w, https:\/\/sal-stone.com\/wp-content\/uploads\/2026\/01\/2c12dcfd-c898-4419-b726-1d88bf149988-768x432.jpg 768w, https:\/\/sal-stone.com\/wp-content\/uploads\/2026\/01\/2c12dcfd-c898-4419-b726-1d88bf149988-1536x864.jpg 1536w, https:\/\/sal-stone.com\/wp-content\/uploads\/2026\/01\/2c12dcfd-c898-4419-b726-1d88bf149988-18x10.jpg 18w\" sizes=\"(max-width: 1600px) 100vw, 1600px\" \/> <span class=\"raven-post-image-overlay\"><\/span><\/a>\t\t<\/div>\n\t\t\t\t\t\t<div class=\"raven-post-content\">\n\t\t\t\t\t<h2 class=\"raven-post-title\"><a class=\"raven-post-title-link\" href=\"https:\/\/sal-stone.com\/en\/kruiz-layih%c9%99sinin-landsaft-dizayni\/\">Kruiz layih\u0259sinin land\u015faft dizayn\u0131<\/a><\/h2>\t\t\t\t<\/div>\n\t\t\t<\/div>\n\t\t<\/div>\n\t\t\t\t<div class=\"raven-grid-item raven-post-item post-281 post type-post status-publish format-standard has-post-thumbnail hentry category-butun-dizayn-xidmtlri category-landsaft\">\n\t\t\t<div class=\"raven-post\">\n\t\t\t\t\t\t<div class=\"raven-post-image-wrap\">\n\t\t\t<a class=\"raven-post-image raven-image-fit\" href=\"https:\/\/sal-stone.com\/en\/avrora-layih%c9%99sinin-landsaft-dizayni\/\"><img loading=\"lazy\" decoding=\"async\" width=\"400\" height=\"300\" src=\"https:\/\/sal-stone.com\/wp-content\/uploads\/2026\/01\/71osp4u8TAGdY09hHP5gqQ9Qx2.jpg\" class=\"attachment-full size-full wp-image-526\" alt=\"\" srcset=\"https:\/\/sal-stone.com\/wp-content\/uploads\/2026\/01\/71osp4u8TAGdY09hHP5gqQ9Qx2.jpg 400w, https:\/\/sal-stone.com\/wp-content\/uploads\/2026\/01\/71osp4u8TAGdY09hHP5gqQ9Qx2-300x225.jpg 300w, https:\/\/sal-stone.com\/wp-content\/uploads\/2026\/01\/71osp4u8TAGdY09hHP5gqQ9Qx2-16x12.jpg 16w\" sizes=\"(max-width: 400px) 100vw, 400px\" \/> <span class=\"raven-post-image-overlay\"><\/span><\/a>\t\t<\/div>\n\t\t\t\t\t\t<div class=\"raven-post-content\">\n\t\t\t\t\t<h2 class=\"raven-post-title\"><a class=\"raven-post-title-link\" href=\"https:\/\/sal-stone.com\/en\/avrora-layih%c9%99sinin-landsaft-dizayni\/\">Avrora layih\u0259sinin land\u015faft dizayn\u0131<\/a><\/h2>\t\t\t\t<\/div>\n\t\t\t<\/div>\n\t\t<\/div>\n\t\t\t\t<div class=\"raven-grid-item raven-post-item post-301 post type-post status-publish format-standard has-post-thumbnail hentry category-butun-dizayn-xidmtlri category-sohbtgah\">\n\t\t\t<div class=\"raven-post\">\n\t\t\t\t\t\t<div class=\"raven-post-image-wrap\">\n\t\t\t<a class=\"raven-post-image raven-image-fit\" href=\"https:\/\/sal-stone.com\/en\/dejavu\/\"><img loading=\"lazy\" decoding=\"async\" width=\"800\" height=\"600\" src=\"https:\/\/sal-stone.com\/wp-content\/uploads\/2026\/01\/luks-villa-1.jpeg\" class=\"attachment-full size-full wp-image-518\" alt=\"\" srcset=\"https:\/\/sal-stone.com\/wp-content\/uploads\/2026\/01\/luks-villa-1.jpeg 800w, https:\/\/sal-stone.com\/wp-content\/uploads\/2026\/01\/luks-villa-1-300x225.jpeg 300w, https:\/\/sal-stone.com\/wp-content\/uploads\/2026\/01\/luks-villa-1-768x576.jpeg 768w, https:\/\/sal-stone.com\/wp-content\/uploads\/2026\/01\/luks-villa-1-16x12.jpeg 16w\" sizes=\"(max-width: 800px) 100vw, 800px\" \/> <span class=\"raven-post-image-overlay\"><\/span><\/a>\t\t<\/div>\n\t\t\t\t\t\t<div class=\"raven-post-content\">\n\t\t\t\t\t<h2 class=\"raven-post-title\"><a class=\"raven-post-title-link\" href=\"https:\/\/sal-stone.com\/en\/dejavu\/\">Dejavu<\/a><\/h2>\t\t\t\t<\/div>\n\t\t\t<\/div>\n\t\t<\/div>\n\t\t\t\t<\/div>\n\t\t<span class=\"raven-infinite-load\"><\/span>\t\t\t\t<\/div>\n\t\t\t\t<\/div>\n\t\t\t\t\t<\/div>\n\t\t<\/div>\n\t\t\t\t\t<\/div>\n\t\t<\/section>\n\t\t\t\t<\/div>","protected":false},"excerpt":{"rendered":"<p>Dizayn xidm\u0259tl\u0259ri B\u00fct\u00fcn Dizayn Xidm\u0259tl\u0259ri \u0130nteryer Land\u015faft S\u00f6hb\u0259tgah Santa Claus Dejavu Apartment (modern-Scandinavian) Villa (American classic) LANSCAPE DESIGN FOR PROJECT CRUISE Landscape design of the Aurora project<\/p>","protected":false},"author":1,"featured_media":0,"parent":0,"menu_order":0,"comment_status":"closed","ping_status":"closed","template":"full-width.php","meta":{"_acf_changed":false,"footnotes":""},"class_list":["post-257","page","type-page","status-publish","hentry"],"acf":[],"_links":{"self":[{"href":"https:\/\/sal-stone.com\/en\/wp-json\/wp\/v2\/pages\/257","targetHints":{"allow":["GET"]}}],"collection":[{"href":"https:\/\/sal-stone.com\/en\/wp-json\/wp\/v2\/pages"}],"about":[{"href":"https:\/\/sal-stone.com\/en\/wp-json\/wp\/v2\/types\/page"}],"author":[{"embeddable":true,"href":"https:\/\/sal-stone.com\/en\/wp-json\/wp\/v2\/users\/1"}],"replies":[{"embeddable":true,"href":"https:\/\/sal-stone.com\/en\/wp-json\/wp\/v2\/comments?post=257"}],"version-history":[{"count":38,"href":"https:\/\/sal-stone.com\/en\/wp-json\/wp\/v2\/pages\/257\/revisions"}],"predecessor-version":[{"id":428,"href":"https:\/\/sal-stone.com\/en\/wp-json\/wp\/v2\/pages\/257\/revisions\/428"}],"wp:attachment":[{"href":"https:\/\/sal-stone.com\/en\/wp-json\/wp\/v2\/media?parent=257"}],"curies":[{"name":"wp","href":"https:\/\/api.w.org\/{rel}","templated":true}]}}